{"id":534,"date":"2018-10-16T21:21:45","date_gmt":"2018-10-16T19:21:45","guid":{"rendered":"https:\/\/www.sophiescolors.com\/?page_id=534"},"modified":"2021-10-13T12:07:18","modified_gmt":"2021-10-13T10:07:18","slug":"politique-de-confidentialite","status":"publish","type":"page","link":"https:\/\/www.sophiescolors.com\/fr\/politique-de-confidentialite\/","title":{"rendered":"Politique de confidentialit\u00e9"},"content":{"rendered":"<p>[et_pb_section fb_built=\u00a0\u00bb1&Prime; admin_label=\u00a0\u00bbHero Section\u00a0\u00bb _builder_version=\u00a0\u00bb4.11.2&Prime; locked=\u00a0\u00bboff\u00a0\u00bb global_colors_info=\u00a0\u00bb{}\u00a0\u00bb _module_preset=\u00a0\u00bbbea0ff30-1435-4a4c-85d3-e6cd65d164e6&Prime; hover_enabled=\u00a0\u00bb0&Prime; sticky_enabled=\u00a0\u00bb0&Prime;][et_pb_row _builder_version=\u00a0\u00bb4.11.2&Prime; custom_width_px=\u00a0\u00bb1440px\u00a0\u00bb global_colors_info=\u00a0\u00bb{}\u00a0\u00bb _module_preset=\u00a0\u00bb20b3a586-8888-4afd-accc-12916dd12ae7&Prime;][et_pb_column type=\u00a0\u00bb4_4&Prime; _builder_version=\u00a0\u00bb3.25&Prime; custom_padding=\u00a0\u00bb|||\u00a0\u00bb global_colors_info=\u00a0\u00bb{}\u00a0\u00bb custom_padding__hover=\u00a0\u00bb|||\u00a0\u00bb][et_pb_text _builder_version=\u00a0\u00bb4.11.2&Prime; locked=\u00a0\u00bboff\u00a0\u00bb global_colors_info=\u00a0\u00bb{}\u00a0\u00bb _module_preset=\u00a0\u00bbe9296c16-fb5d-4759-a64d-b8cdf62304c4&Prime;]<\/p>\n<h1 style=\"text-align: center;\">Politique de confidentialit\u00e9<\/h1>\n<p>[\/et_pb_text][et_pb_divider _builder_version=\u00a0\u00bb4.11.2&Prime; saved_tabs=\u00a0\u00bball\u00a0\u00bb locked=\u00a0\u00bboff\u00a0\u00bb global_colors_info=\u00a0\u00bb{}\u00a0\u00bb _module_preset=\u00a0\u00bb0ae6113a-697b-40e1-8230-1add6599afbe\u00a0\u00bb]&nbsp;<br \/>\n[\/et_pb_divider][et_pb_text _builder_version=\u00a0\u00bb4.11.2&Prime; locked=\u00a0\u00bboff\u00a0\u00bb global_colors_info=\u00a0\u00bb{}\u00a0\u00bb _module_preset=\u00a0\u00bb662dd098-fdf0-4ec7-a4a3-ef565cfa7a74&Prime;]<\/p>\n<p style=\"text-align: center;\">La protection de vos donn\u00e9es personnelle sur notre site internet.<\/p>\n<p>[\/et_pb_text][\/et_pb_column][\/et_pb_row][\/et_pb_section][et_pb_section fb_built=\u00a0\u00bb1&Prime; _builder_version=\u00a0\u00bb4.11.2&Prime; global_colors_info=\u00a0\u00bb{}\u00a0\u00bb _module_preset=\u00a0\u00bbd8963bcd-ac72-4720-8960-78fcbad1be28&Prime;][et_pb_row _builder_version=\u00a0\u00bb4.11.2&Prime; global_colors_info=\u00a0\u00bb{}\u00a0\u00bb _module_preset=\u00a0\u00bb254d9adc-1ae1-4721-9656-54efcb0eea11&Prime;][et_pb_column type=\u00a0\u00bb4_4&Prime; _builder_version=\u00a0\u00bb3.25&Prime; custom_padding=\u00a0\u00bb|||\u00a0\u00bb global_colors_info=\u00a0\u00bb{}\u00a0\u00bb custom_padding__hover=\u00a0\u00bb|||\u00a0\u00bb][et_pb_text _builder_version=\u00a0\u00bb4.11.2&Prime; global_colors_info=\u00a0\u00bb{}\u00a0\u00bb _module_preset=\u00a0\u00bb84b2f731-fba1-49ac-8e41-9c29a233cbe4&Prime;]<\/p>\n<h4><strong>Politique de confidentialit\u00e9<\/strong><\/h4>\n<p>Cette politique de confidentialit\u00e9 traite de la mani\u00e8re dont sophiescolors.com g\u00e8re les \u00ab\u00a0donn\u00e9es \u00e0 caract\u00e8re personnel\u00a0\u00bb telles que d\u00e9finies dans le r\u00e8glement g\u00e9n\u00e9ral sur la protection des donn\u00e9es (GDPR). Les donn\u00e9es personnelles, telles que d\u00e9crites dans le RGPD, sont des donn\u00e9es telles qu&rsquo;un nom, un num\u00e9ro d&rsquo;identification, des donn\u00e9es de localisation, un identifiant en ligne ou un ou plusieurs facteurs sp\u00e9cifiques li\u00e9 \u00e0 l&rsquo;identit\u00e9 physique, physiologique, g\u00e9n\u00e9tique, mentale, \u00e9conomique, culturelle ou sociale.<\/p>\n<p><strong>Qui suis je?<\/strong><br \/>Mon nom est Sophie Moedbeck et je g\u00e8re sophiescolors.com. Mon adresse est 5 Ridgway, 87-89 Mount Ararat Road, Richmond, Londres TW10 6PR. En tant que propri\u00e9taire de sophiescolors.com, j&rsquo;adopte une approche proactive sur la confidentialit\u00e9 des donn\u00e9es utilisateurs et je veille \u00e0 ce que les mesures n\u00e9cessaires soient prises pour prot\u00e9ger votre confidentialit\u00e9 tout au long de votre visite.<\/p>\n<p><strong>Quel type de donn\u00e9es est-ce que je collecte et pourquoi?<\/strong><br \/>Je peux collecter et traiter les donn\u00e9es suivantes vous concernant via:<\/p>\n<p><em>Utilisation du formulaire de contact<\/em><br \/>Votre nom et votre adresse e-mail ainsi que d&rsquo;autres informations que vous fournissez en remplissant un formulaire de contact sur ce site. C\u2019est pour que je puisse r\u00e9pondre \u00e0 votre demande de service ou \u00e0 votre question g\u00e9n\u00e9rale.<\/p>\n<p><em>L\u2019achat d\u2019un produit<\/em><br \/>Votre nom, votre adresse e-mail et votre adresse personnelle en achetant l&rsquo;un de mes services. Cela me permet de livrer le produit et de contacter le nouveau client \u00e0 propos de son nouveau produit.<\/p>\n<p><em>Google Analytics<\/em><br \/>Lorsque vous visitez mon site, j&rsquo;utilise un service tiers, Google Analytics, pour collecter des informations de connexion Internet standards et des informations d\u00e9taill\u00e9es sur les comportements des visiteurs. Je le fais pour conna\u00eetre des informations telles que le nombre de visiteurs sur les diff\u00e9rentes pages de mon site ou le navigateur utilis\u00e9. Ces informations sont trait\u00e9es de mani\u00e8re \u00e0 ne pas identifier qui que ce soit, c\u2019est-\u00e0-dire qu\u2019elles ne collectent pas de donn\u00e9es personnelles. Je ne fais aucune tentative pour conna\u00eetre l&rsquo;identit\u00e9 de ceux qui visitent mon site web. Vous pouvez acc\u00e9der \u00e0 la <a href=\"https:\/\/policies.google.com\/privacy?hl=fr&amp;gl=ZZ\" target=\"_blank\" rel=\"noopener\">politique de confidentialit\u00e9 de Google ici.<\/a><\/p>\n<p><strong>Qui collecte les donn\u00e9es?<\/strong><br \/>Je m&rsquo;occupe de traiter les donn\u00e9es personnelles pour ma propre entreprise.<\/p>\n<p><strong>Comment les donn\u00e9es sont-elles collect\u00e9es?<\/strong><br \/>Les informations sur mon site Web sont collect\u00e9es par le biais de l\u2019utilisation d&rsquo;un formulaire de contact.<br \/>Si vous me contactez \u00e0 l&rsquo;aide de mon formulaire de contact en ligne ou directement par courrier \u00e9lectronique, je peux conserver une trace de cette correspondance.<br \/>Lors de l&rsquo;achat d&rsquo;un produit sur mon site Web, un utilisateur doit fournir son nom complet, son adresse postale et son adresse \u00e9lectronique afin que je puisse livrer son produit et pouvoir le contacter en cas de probl\u00e8me avec sa commande.<br \/>Les cookies sont collect\u00e9s en naviguant et en interagissant avec mon site Web. Vous pouvez en savoir plus sur les cookies utilis\u00e9s ci-dessous.<\/p>\n<p><strong>Cookies<\/strong><br \/>Ce site utilise des cookies &#8211; de petits fichiers texte plac\u00e9s sur votre ordinateur pour aider le site \u00e0 offrir une meilleure exp\u00e9rience utilisateur. En g\u00e9n\u00e9ral, les cookies servent \u00e0 conserver les pr\u00e9f\u00e9rences de l&rsquo;utilisateur, \u00e0 stocker des informations pour des t\u00e2ches telles que fournir des donn\u00e9es de suivi anonymis\u00e9es \u00e0 des applications tierces telles que Google Analytics. En r\u00e8gle g\u00e9n\u00e9rale, les cookies am\u00e9liorent votre exp\u00e9rience de navigation. Cependant, vous pr\u00e9f\u00e9rez peut-\u00eatre d\u00e9sactiver les cookies sur ce site et sur d&rsquo;autres. Pour ce faire, le moyen le plus efficace consiste \u00e0 d\u00e9sactiver les cookies dans votre navigateur. Nous vous sugg\u00e9rons de consulter la section Aide de votre navigateur ou de consulter le site Web http:\/\/www.allaboutcookies.org\/fr\/cookies\/ qui propose des conseils \u00e0 tous les navigateurs modernes.<\/p>\n<p><strong>Combien de temps les donn\u00e9es sont-elles stock\u00e9es?<\/strong><br \/>Vos donn\u00e9es personnelles ne sont stock\u00e9es que durant le temps n\u00e9cessaire.<br \/>Les donn\u00e9es stock\u00e9es qui ont \u00e9t\u00e9 envoy\u00e9es via un formulaire de contact sur mon site Web seront conserv\u00e9es pendant la dur\u00e9e de la communication requise.<br \/>Les donn\u00e9es personnelles collect\u00e9es lors de l&rsquo;achat d&rsquo;un de mes produits peuvent \u00eatre conserv\u00e9es aussi longtemps que n\u00e9cessaire en ce qui concerne l&rsquo;administration fiscale britannique (HMRC).<\/p>\n<p><strong>Quels sont vos droits?<\/strong><br \/>En vertu du RGPD, vous avez le droit d&rsquo;acc\u00e9der aux informations stock\u00e9es \u00e0 votre sujet. Pour plus de clart\u00e9, en plus des donn\u00e9es de cookies collect\u00e9es sur votre appareil, sophiescolors.com ne collecte un nom et\/ou une adresse e-mail que dans certaines parties du site, telles qu&rsquo;un formulaire de contact, l&rsquo;inscription \u00e0 la newsletter, la publication d&rsquo;un commentaire sur un blog ou l&rsquo;achat d&rsquo;un service. Aucun d\u00e9tail de carte de cr\u00e9dit n&rsquo;est repris ou stock\u00e9 sur ce site.<br \/>Si vous ne pouvez pas mettre \u00e0 jour vos propres informations, je corrigerai toute erreur li\u00e9e \u00e0 vos donn\u00e9es personnelles que je d\u00e9tiens dans les 7 jours suivant r\u00e9ception d&rsquo;une notification \u00e9crite de votre part informant de ces erreurs.<br \/>Il ressort de votre responsabilit\u00e9 de me fournir des donn\u00e9es personnelles pr\u00e9cises et v\u00e9ridiques. Je ne peux pas \u00eatre tenue responsable des informations qui me sont fournies qui sont incorrectes.<br \/>Vous pouvez annuler tout abonnement ou r\u00e9voquer votre consentement au traitement (y compris le stockage) de ces donn\u00e9es \u00e0 tout moment avec effet imm\u00e9diat. En tant que sujet de vos donn\u00e9es (personne r\u00e9elle), vos droits individuels incluent : le droit d&rsquo;\u00eatre inform\u00e9 ; le droit d&rsquo;acc\u00e8s ; le droit de rectification ; le droit d&rsquo;effacement ; le droit de restreindre le traitement ; le droit \u00e0 la portabilit\u00e9 des donn\u00e9es ; le droit de faire objection ; le droit de ne pas \u00eatre soumis \u00e0 une prise de d\u00e9cision automatis\u00e9e (y compris le profilage).<\/p>\n<p><strong>Quand puis-je vous contacter?<\/strong><br \/>Il se peut que je doive de temps \u00e0 autre vous envoyer des avis importants, tels que des modifications de mes conditions g\u00e9n\u00e9rales ou de la politique de confidentialit\u00e9. \u00c9tant donn\u00e9 que cette information est importante pour votre interaction avec moi, vous ne pouvez pas choisir de ne pas recevoir ces communications. Cela rel\u00e8ve des int\u00e9r\u00eats l\u00e9gitimes du GDPR.<\/p>\n<p><strong>Comment pouvez-vous me contacter?<\/strong><br \/>Toute correspondance relative \u00e0 la protection de la vie priv\u00e9e doit \u00eatre adress\u00e9e \u00e0: Sophie Moedbeck, 5 Ridgway, 87-89 Mount Ararat Road, TW10 6PR, Richmond, Londres, UK ou par courrier \u00e9lectronique \u00e0 sophie@sophiescolors.com. Vous pouvez me contacter par email en premi\u00e8re instance.<\/p>\n<p><strong>Modifications de la politique de confidentialit\u00e9<\/strong><br \/>Je peux mettre \u00e0 jour cette politique de confidentialit\u00e9 de temps en temps \u00e0 ma seule et absolue discr\u00e9tion. Je vous remercie de consulter ce site r\u00e9guli\u00e8rement pour toute modification.<\/p>\n<p><strong>Liens utiles et informations compl\u00e9mentaires<\/strong><\/p>\n<ul>\n<li>GDPR (https:\/\/eugdpr.org\/the-regulation\/)<\/li>\n<li><a href=\"http:\/\/www.legislation.gov.uk\/uksi\/2003\/2426\/contents\/made\" target=\"_blank\" rel=\"noopener\">Privacy and Electronic Communications Regulations 2003<\/a><\/li>\n<li><a href=\"http:\/\/www.google.com\/privacy.html\" target=\"_blank\" rel=\"noopener\">Google Privacy Policy<\/a><\/li>\n<\/ul>\n<p>Derni\u00e8re mise \u00e0 jour : 25 Octobre 2018<\/p>\n<p>&nbsp;<\/p>\n<p>[\/et_pb_text][\/et_pb_column][\/et_pb_row][\/et_pb_section]<\/p>\n","protected":false},"excerpt":{"rendered":"<p>Politique de confidentialit\u00e9&nbsp; La protection de vos donn\u00e9es personnelle sur notre site internet.Politique de confidentialit\u00e9 Cette politique de confidentialit\u00e9 traite de la mani\u00e8re dont sophiescolors.com g\u00e8re les \u00ab\u00a0donn\u00e9es \u00e0 caract\u00e8re personnel\u00a0\u00bb telles que d\u00e9finies dans le r\u00e8glement g\u00e9n\u00e9ral sur la protection des donn\u00e9es (GDPR). Les donn\u00e9es personnelles, telles que d\u00e9crites dans le RGPD, sont des [&hellip;]<\/p>\n","protected":false},"author":1,"featured_media":0,"parent":0,"menu_order":0,"comment_status":"closed","ping_status":"closed","template":"","meta":{"_et_pb_use_builder":"on","_et_pb_old_content":"","_et_gb_content_width":"","footnotes":""},"_links":{"self":[{"href":"https:\/\/www.sophiescolors.com\/fr\/wp-json\/wp\/v2\/pages\/534"}],"collection":[{"href":"https:\/\/www.sophiescolors.com\/fr\/wp-json\/wp\/v2\/pages"}],"about":[{"href":"https:\/\/www.sophiescolors.com\/fr\/wp-json\/wp\/v2\/types\/page"}],"author":[{"embeddable":true,"href":"https:\/\/www.sophiescolors.com\/fr\/wp-json\/wp\/v2\/users\/1"}],"replies":[{"embeddable":true,"href":"https:\/\/www.sophiescolors.com\/fr\/wp-json\/wp\/v2\/comments?post=534"}],"version-history":[{"count":4,"href":"https:\/\/www.sophiescolors.com\/fr\/wp-json\/wp\/v2\/pages\/534\/revisions"}],"predecessor-version":[{"id":1187,"href":"https:\/\/www.sophiescolors.com\/fr\/wp-json\/wp\/v2\/pages\/534\/revisions\/1187"}],"wp:attachment":[{"href":"https:\/\/www.sophiescolors.com\/fr\/wp-json\/wp\/v2\/media?parent=534"}],"curies":[{"name":"wp","href":"https:\/\/api.w.org\/{rel}","templated":true}]}}