{"id":29,"date":"2018-07-05T15:26:46","date_gmt":"2018-07-05T13:26:46","guid":{"rendered":"http:\/\/sophiescolors.com\/?page_id=29"},"modified":"2025-02-19T12:00:03","modified_gmt":"2025-02-19T11:00:03","slug":"a-propos","status":"publish","type":"page","link":"https:\/\/www.sophiescolors.com\/fr\/a-propos\/","title":{"rendered":"A propos"},"content":{"rendered":"<p>[et_pb_section fb_built=\u00a0\u00bb1&Prime; admin_label=\u00a0\u00bbHero Section\u00a0\u00bb _builder_version=\u00a0\u00bb4.16&Prime; _module_preset=\u00a0\u00bbbea0ff30-1435-4a4c-85d3-e6cd65d164e6&Prime; locked=\u00a0\u00bboff\u00a0\u00bb global_colors_info=\u00a0\u00bb{}\u00a0\u00bb][et_pb_row column_structure=\u00a0\u00bb1_2,1_2&Prime; _builder_version=\u00a0\u00bb4.16&Prime; custom_width_px=\u00a0\u00bb1440px\u00a0\u00bb global_colors_info=\u00a0\u00bb{}\u00a0\u00bb][et_pb_column type=\u00a0\u00bb1_2&Prime; _builder_version=\u00a0\u00bb4.16&Prime; custom_padding=\u00a0\u00bb|||\u00a0\u00bb global_colors_info=\u00a0\u00bb{}\u00a0\u00bb custom_padding__hover=\u00a0\u00bb|||\u00a0\u00bb][et_pb_text _builder_version=\u00a0\u00bb4.16&Prime; _module_preset=\u00a0\u00bbe9296c16-fb5d-4759-a64d-b8cdf62304c4&Prime; header_text_align=\u00a0\u00bbleft\u00a0\u00bb module_alignment=\u00a0\u00bbleft\u00a0\u00bb locked=\u00a0\u00bboff\u00a0\u00bb global_colors_info=\u00a0\u00bb{}\u00a0\u00bb]<\/p>\n<h1>Qui suis-je<\/h1>\n<p>[\/et_pb_text][et_pb_divider _builder_version=\u00a0\u00bb4.16&Prime; _module_preset=\u00a0\u00bb0ae6113a-697b-40e1-8230-1add6599afbe\u00a0\u00bb module_alignment=\u00a0\u00bbleft\u00a0\u00bb saved_tabs=\u00a0\u00bball\u00a0\u00bb locked=\u00a0\u00bboff\u00a0\u00bb global_colors_info=\u00a0\u00bb{}\u00a0\u00bb]&nbsp;<br \/>\n[\/et_pb_divider][et_pb_text _builder_version=\u00a0\u00bb4.16&Prime; _module_preset=\u00a0\u00bb662dd098-fdf0-4ec7-a4a3-ef565cfa7a74&Prime; locked=\u00a0\u00bboff\u00a0\u00bb global_colors_info=\u00a0\u00bb{}\u00a0\u00bb]<\/p>\n<p>D\u00e9couvrez un peu plus sur mon parcours, mes inspirations et mon style.<\/p>\n<p>[\/et_pb_text][\/et_pb_column][et_pb_column type=\u00a0\u00bb1_2&Prime; _builder_version=\u00a0\u00bb4.16&Prime; custom_padding=\u00a0\u00bb|||\u00a0\u00bb global_colors_info=\u00a0\u00bb{}\u00a0\u00bb custom_padding__hover=\u00a0\u00bb|||\u00a0\u00bb][\/et_pb_column][\/et_pb_row][\/et_pb_section][et_pb_section fb_built=\u00a0\u00bb1&Prime; _builder_version=\u00a0\u00bb4.16&Prime; _module_preset=\u00a0\u00bbd8963bcd-ac72-4720-8960-78fcbad1be28&Prime; global_colors_info=\u00a0\u00bb{}\u00a0\u00bb][et_pb_row column_structure=\u00a0\u00bb1_2,1_2&Prime; _builder_version=\u00a0\u00bb4.16&Prime; _module_preset=\u00a0\u00bb254d9adc-1ae1-4721-9656-54efcb0eea11&Prime; global_colors_info=\u00a0\u00bb{}\u00a0\u00bb][et_pb_column type=\u00a0\u00bb1_2&Prime; _builder_version=\u00a0\u00bb4.16&Prime; _module_preset=\u00a0\u00bbdefault\u00a0\u00bb global_colors_info=\u00a0\u00bb{}\u00a0\u00bb][et_pb_text _builder_version=\u00a0\u00bb4.16&Prime; _module_preset=\u00a0\u00bb84b2f731-fba1-49ac-8e41-9c29a233cbe4&Prime; global_colors_info=\u00a0\u00bb{}\u00a0\u00bb]<\/p>\n<p>Sophie Moedbeck est une artiste autodidacte n\u00e9e \u00e0 Bruxelles, en Belgique (le pays de la bande dessin\u00e9e) et bas\u00e9e \u00e0 Londres. Elle a toujours dessin\u00e9 depuis sa plus tendre enfance.<\/p>\n<p>Apr\u00e8s avoir obtenu un Master en Economie \u00e0 l\u2019Universit\u00e9 Libre de Bruxelles, elle a d\u00e9marr\u00e9 une carri\u00e8re de 12 ans en finances en Belgique et en Suisse, o\u00f9 elle a par ailleurs d\u00e9croch\u00e9 une certification en strat\u00e9gie digitale. Install\u00e9e depuis 2015 \u00e0 Londres avec sa famille, Sophie a d\u00e9cid\u00e9 de poursuivre sa carri\u00e8re professionnelle en suivant sa passion de toujours et a d\u00e9marr\u00e9 une carri\u00e8re d\u2019illustratrice freelance. Son style est r\u00e9aliste et elle adore travailler tant de mani\u00e8re traditionnelle avec le crayon et le fusain que de mani\u00e8re digitale avec Photoshop ou Procreate. Grande admiratrice d&rsquo;Aaron Blaise et de Therese Larsson, son sujet favori est l&rsquo;\u00eatre vivant, animal ou humain.<\/p>\n<p>[\/et_pb_text][\/et_pb_column][et_pb_column type=\u00a0\u00bb1_2&Prime; _builder_version=\u00a0\u00bb4.16&Prime; _module_preset=\u00a0\u00bbdefault\u00a0\u00bb global_colors_info=\u00a0\u00bb{}\u00a0\u00bb][et_pb_image src=\u00a0\u00bbhttps:\/\/www.sophiescolors.com\/wp-content\/uploads\/2018\/09\/sophie-moedbeck-illustratrice-sophiescolor.jpg\u00a0\u00bb _builder_version=\u00a0\u00bb4.23.1&Prime; _module_preset=\u00a0\u00bb61d60e2e-783f-4b09-a940-59f24f3c575e\u00a0\u00bb custom_margin=\u00a0\u00bb-50%|||\u00a0\u00bb custom_margin_tablet=\u00a0\u00bb0px|||\u00a0\u00bb custom_margin_phone=\u00a0\u00bb\u00a0\u00bb custom_margin_last_edited=\u00a0\u00bbon|desktop\u00a0\u00bb animation_style=\u00a0\u00bbnone\u00a0\u00bb animation_direction=\u00a0\u00bbtop\u00a0\u00bb hover_enabled=\u00a0\u00bb0&Prime; box_shadow_style=\u00a0\u00bbpreset1&Prime; box_shadow_vertical=\u00a0\u00bb10px\u00a0\u00bb box_shadow_blur=\u00a0\u00bb80px\u00a0\u00bb box_shadow_color=\u00a0\u00bbrgba(0,0,0,0.2)\u00a0\u00bb always_center_on_mobile=\u00a0\u00bboff\u00a0\u00bb locked=\u00a0\u00bboff\u00a0\u00bb global_colors_info=\u00a0\u00bb{}\u00a0\u00bb alt=\u00a0\u00bbSophie Moedbeck &#8211; illustratice autodidacte\u00a0\u00bb sticky_enabled=\u00a0\u00bb0&Prime;]&nbsp;<br \/>\n[\/et_pb_image][\/et_pb_column][\/et_pb_row][\/et_pb_section]<\/p>\n","protected":false},"excerpt":{"rendered":"<p>Qui suis-je&nbsp; D\u00e9couvrez un peu plus sur mon parcours, mes inspirations et mon style.Sophie Moedbeck est une artiste autodidacte n\u00e9e \u00e0 Bruxelles, en Belgique (le pays de la bande dessin\u00e9e) et bas\u00e9e \u00e0 Londres. Elle a toujours dessin\u00e9 depuis sa plus tendre enfance. Apr\u00e8s avoir obtenu un Master en Economie \u00e0 l\u2019Universit\u00e9 Libre de Bruxelles, [&hellip;]<\/p>\n","protected":false},"author":1,"featured_media":0,"parent":0,"menu_order":0,"comment_status":"closed","ping_status":"closed","template":"","meta":{"_et_pb_use_builder":"on","_et_pb_old_content":"","_et_gb_content_width":"","footnotes":""},"_links":{"self":[{"href":"https:\/\/www.sophiescolors.com\/fr\/wp-json\/wp\/v2\/pages\/29"}],"collection":[{"href":"https:\/\/www.sophiescolors.com\/fr\/wp-json\/wp\/v2\/pages"}],"about":[{"href":"https:\/\/www.sophiescolors.com\/fr\/wp-json\/wp\/v2\/types\/page"}],"author":[{"embeddable":true,"href":"https:\/\/www.sophiescolors.com\/fr\/wp-json\/wp\/v2\/users\/1"}],"replies":[{"embeddable":true,"href":"https:\/\/www.sophiescolors.com\/fr\/wp-json\/wp\/v2\/comments?post=29"}],"version-history":[{"count":4,"href":"https:\/\/www.sophiescolors.com\/fr\/wp-json\/wp\/v2\/pages\/29\/revisions"}],"predecessor-version":[{"id":1345,"href":"https:\/\/www.sophiescolors.com\/fr\/wp-json\/wp\/v2\/pages\/29\/revisions\/1345"}],"wp:attachment":[{"href":"https:\/\/www.sophiescolors.com\/fr\/wp-json\/wp\/v2\/media?parent=29"}],"curies":[{"name":"wp","href":"https:\/\/api.w.org\/{rel}","templated":true}]}}